{"id":2,"date":"2026-04-04T01:42:11","date_gmt":"2026-04-03T23:42:11","guid":{"rendered":"http:\/\/inneradventureprogrammes.dk\/?page_id=2"},"modified":"2026-04-09T00:56:20","modified_gmt":"2026-04-08T22:56:20","slug":"eksempel-side","status":"publish","type":"page","link":"https:\/\/inneradventureprogrammes.dk\/index.php\/eksempel-side\/","title":{"rendered":"IAP -Inner Adventure Programmes"},"content":{"rendered":"\n<p>Vores speciale er avancerede udviklingsprogrammer med udgangspunkt i den enkeltes foruds\u00e6tninger. Alle programmer tager udgangspunkt i det du er klar til at arbejde med og tage ansvar for i tanke, ord og handling. Vi arbejder med krop, sind og \u00e5nd og har mere end 40+ \u00e5rs erfaring indenfor terapi, coaching, mentoring og spirituelt arbejde.<\/p>\n\n\n\n<blockquote class=\"wp-block-quote is-layout-flow wp-block-quote-is-layout-flow\">\n<p>Som en moderne shaman arbejder vi med krigershamanisme ogs\u00e5 kendt som en visdomsprotokol. Vi tilbyder individuelle forl\u00f8b og mindre hold. Vi arbejder med I am filosofien og fremskyndelse af resultater gennem multifacetteret indsats og individuel tilpasset efter hvad der er relevant for den enkelte. <\/p>\n<\/blockquote>\n\n\n\n<p>&#8230;ingen opgave er for stor og ingen opgave er for lille:<\/p>\n\n\n\n<blockquote class=\"wp-block-quote is-layout-flow wp-block-quote-is-layout-flow\">\n<p>Vi arbejder med den nyeste forskning og den \u00e6ldste visdom. N\u00e5r du vil tage dig selv alvorligt og er opsat p\u00e5 at skabe resultater, m\u00e5 du s\u00e6tte dig klare m\u00e5l. For at n\u00e5 dem m\u00e5 du lave klare aftaler med dig selv og din omverden og l\u00e6gge planer for hvordan du opn\u00e5r dine m\u00e5l.<\/p>\n\n\n\n<p>Det er nemt nok n\u00e5r det handler om arbejde og sport. Men n\u00e5r det kommer til din personlige udvikling, kr\u00e6ver det at du har den n\u00f8dvendige selvindsigt, den n\u00f8dvendige viden, de rette v\u00e6rkt\u00f8jer, tr\u00e6ning og ikke mindst evnen til at forestille dig den forandring og de nye muligheder det kan give dig.<\/p>\n<\/blockquote>\n\n\n\n<p>N\u00e5r du beslutter dig for at g\u00e5 hele vejen for at n\u00e5 dit m\u00e5l, er du et skridt t\u00e6ttere p\u00e5 at n\u00e5 det. Kun du ved n\u00e5r du tager det sidste skridt.<\/p>\n","protected":false},"excerpt":{"rendered":"<p>Vores speciale er avancerede udviklingsprogrammer med udgangspunkt i den enkeltes foruds\u00e6tninger. Alle programmer tager udgangspunkt i det du er klar til at arbejde med og tage ansvar for i tanke, ord og handling. Vi arbejder med krop, sind og \u00e5nd og har mere end 40+ \u00e5rs erfaring indenfor terapi, coaching, mentoring og spirituelt arbejde. Som [&hellip;]<\/p>\n","protected":false},"author":1,"featured_media":0,"parent":0,"menu_order":0,"comment_status":"closed","ping_status":"open","template":"","meta":{"footnotes":""},"class_list":["post-2","page","type-page","status-publish","hentry"],"_links":{"self":[{"href":"https:\/\/inneradventureprogrammes.dk\/index.php\/wp-json\/wp\/v2\/pages\/2","targetHints":{"allow":["GET"]}}],"collection":[{"href":"https:\/\/inneradventureprogrammes.dk\/index.php\/wp-json\/wp\/v2\/pages"}],"about":[{"href":"https:\/\/inneradventureprogrammes.dk\/index.php\/wp-json\/wp\/v2\/types\/page"}],"author":[{"embeddable":true,"href":"https:\/\/inneradventureprogrammes.dk\/index.php\/wp-json\/wp\/v2\/users\/1"}],"replies":[{"embeddable":true,"href":"https:\/\/inneradventureprogrammes.dk\/index.php\/wp-json\/wp\/v2\/comments?post=2"}],"version-history":[{"count":2,"href":"https:\/\/inneradventureprogrammes.dk\/index.php\/wp-json\/wp\/v2\/pages\/2\/revisions"}],"predecessor-version":[{"id":12,"href":"https:\/\/inneradventureprogrammes.dk\/index.php\/wp-json\/wp\/v2\/pages\/2\/revisions\/12"}],"wp:attachment":[{"href":"https:\/\/inneradventureprogrammes.dk\/index.php\/wp-json\/wp\/v2\/media?parent=2"}],"curies":[{"name":"wp","href":"https:\/\/api.w.org\/{rel}","templated":true}]}}